{"id":2369,"date":"2025-06-26T10:34:29","date_gmt":"2025-06-26T08:34:29","guid":{"rendered":"https:\/\/sophieleteuilceramiste.fr\/?page_id=2369"},"modified":"2025-06-26T17:03:49","modified_gmt":"2025-06-26T15:03:49","slug":"contact-refonte","status":"publish","type":"page","link":"https:\/\/sophieleteuilceramiste.fr\/index.php\/contact-refonte\/","title":{"rendered":"Contact"},"content":{"rendered":"\n[et_pb_section fb_built=\u00a0\u00bb1&Prime; _builder_version=\u00a0\u00bb4.27.4&Prime; _module_preset=\u00a0\u00bbdefault\u00a0\u00bb use_background_color_gradient=\u00a0\u00bbon\u00a0\u00bb background_color_gradient_direction=\u00a0\u00bb80deg\u00a0\u00bb background_color_gradient_stops=\u00a0\u00bb#fdfefe 0%|#fdfefe 39%|rgba(253,254,254,0.2) 100%\u00a0\u00bb background_color_gradient_overlays_image=\u00a0\u00bbon\u00a0\u00bb background_image=\u00a0\u00bbhttp:\/\/sophieleteuilceramiste.fr\/wp-content\/uploads\/2025\/06\/Vendu-5-400&#215;516-1.jpg\u00a0\u00bb locked=\u00a0\u00bboff\u00a0\u00bb global_colors_info=\u00a0\u00bb{}\u00a0\u00bb][et_pb_row _builder_version=\u00a0\u00bb4.27.4&Prime; _module_preset=\u00a0\u00bbdefault\u00a0\u00bb custom_margin=\u00a0\u00bb|360px|||false|false\u00a0\u00bb global_colors_info=\u00a0\u00bb{}\u00a0\u00bb][et_pb_column type=\u00a0\u00bb4_4&Prime; _builder_version=\u00a0\u00bb4.27.4&Prime; _module_preset=\u00a0\u00bbdefault\u00a0\u00bb global_colors_info=\u00a0\u00bb{}\u00a0\u00bb][et_pb_text _builder_version=\u00a0\u00bb4.27.4&Prime; _module_preset=\u00a0\u00bbdefault\u00a0\u00bb header_font=\u00a0\u00bbWaterfall|700|||||||\u00a0\u00bb header_text_color=\u00a0\u00bb#2980B9&Prime; header_font_size=\u00a0\u00bb70px\u00a0\u00bb hover_enabled=\u00a0\u00bb0&Prime; global_colors_info=\u00a0\u00bb{}\u00a0\u00bb header_text_align_last_edited=\u00a0\u00bbon|phone\u00a0\u00bb header_text_align_phone=\u00a0\u00bbcenter\u00a0\u00bb header_font_size_last_edited=\u00a0\u00bbon|phone\u00a0\u00bb header_font_size_phone=\u00a0\u00bb50px\u00a0\u00bb custom_margin_last_edited=\u00a0\u00bbon|phone\u00a0\u00bb custom_margin_phone=\u00a0\u00bb|||65px|false|false\u00a0\u00bb sticky_enabled=\u00a0\u00bb0&Prime; header_font_size_tablet=\u00a0\u00bb70px\u00a0\u00bb]<h1>Contactez-moi<\/h1>[\/et_pb_text][et_pb_text _builder_version=\u00a0\u00bb4.27.4&Prime; _module_preset=\u00a0\u00bbdefault\u00a0\u00bb text_font=\u00a0\u00bbBellota Text||||||||\u00a0\u00bb text_text_color=\u00a0\u00bb#566573&Prime; text_font_size=\u00a0\u00bb17px\u00a0\u00bb custom_margin=\u00a0\u00bb-20px|||-400px|false|false\u00a0\u00bb custom_padding=\u00a0\u00bb|400px||400px|false|true\u00a0\u00bb hover_enabled=\u00a0\u00bb0&Prime; global_colors_info=\u00a0\u00bb{}\u00a0\u00bb text_orientation_last_edited=\u00a0\u00bbon|phone\u00a0\u00bb text_orientation_phone=\u00a0\u00bbcenter\u00a0\u00bb custom_margin_last_edited=\u00a0\u00bbon|phone\u00a0\u00bb custom_margin_phone=\u00a0\u00bb-20px|||65px|false|false\u00a0\u00bb custom_padding_last_edited=\u00a0\u00bbon|phone\u00a0\u00bb custom_padding_phone=\u00a0\u00bb|0px||0px|false|true\u00a0\u00bb sticky_enabled=\u00a0\u00bb0&Prime; custom_margin_tablet=\u00a0\u00bb-20px|||-400px|false|false\u00a0\u00bb custom_padding_tablet=\u00a0\u00bb|400px||400px|false|true\u00a0\u00bb]<p>N&rsquo;h\u00e9sitez pas \u00e0 me contacter pour toute question.<br \/>Je vous r\u00e9pondrai avec plaisir et dans les plus brefs d\u00e9lais.<\/p>[\/et_pb_text][\/et_pb_column][\/et_pb_row][\/et_pb_section][et_pb_section fb_built=\u00a0\u00bb1&Prime; _builder_version=\u00a0\u00bb4.27.4&Prime; _module_preset=\u00a0\u00bbdefault\u00a0\u00bb global_colors_info=\u00a0\u00bb{}\u00a0\u00bb][et_pb_row _builder_version=\u00a0\u00bb4.27.4&Prime; _module_preset=\u00a0\u00bbdefault\u00a0\u00bb global_colors_info=\u00a0\u00bb{}\u00a0\u00bb][et_pb_column type=\u00a0\u00bb4_4&Prime; _builder_version=\u00a0\u00bb4.27.4&Prime; _module_preset=\u00a0\u00bbdefault\u00a0\u00bb global_colors_info=\u00a0\u00bb{}\u00a0\u00bb][et_pb_text _builder_version=\u00a0\u00bb4.27.4&Prime; _module_preset=\u00a0\u00bbdefault\u00a0\u00bb header_2_font=\u00a0\u00bbWaterfall|700|||||||\u00a0\u00bb header_2_text_align=\u00a0\u00bbcenter\u00a0\u00bb header_2_text_color=\u00a0\u00bb#2980B9&Prime; header_2_font_size=\u00a0\u00bb50px\u00a0\u00bb locked=\u00a0\u00bboff\u00a0\u00bb global_colors_info=\u00a0\u00bb{}\u00a0\u00bb]<h2>Formulaire de contact<\/h2>[\/et_pb_text][et_pb_code _builder_version=\u00a0\u00bb4.27.4&Prime; _module_preset=\u00a0\u00bbdefault\u00a0\u00bb custom_css_free_form=\u00a0\u00bb:root {||    &#8211;font-main: &lsquo;Bellota Text&rsquo;, cursive;||    &#8211;blue: #2980b9;||    &#8211;text-dark: #2c3e50;||    &#8211;grey: #7f8c8d;||}||||\/* CONTENEUR *\/||.custom-contact-form-container {||    max-width: 800px;||    margin: 0 auto;||    padding: 30px;||    background-color: rgba(41, 128, 185, 0.1);||    border-radius: 15px;||    box-shadow: 0 4px 12px rgba(0, 0, 0, 0.1);||    font-family: var(&#8211;font-main);||}||||\/* FORMULAIRE *\/||.custom-contact-form {||    display: flex;||    flex-direction: column;||    gap: 20px;||    font-family: var(&#8211;font-main);||}||||\/* CHAMPS *\/||.form-group {||    display: flex;||    flex-direction: column;||    font-family: var(&#8211;font-main);||}||||.form-group label {||    margin-bottom: 8px;||    font-weight: 600;||    color: var(&#8211;text-dark);||}||||.form-group input,||.form-group textarea {||    padding: 12px 15px;||    border: 1px solid #ddd;||    border-radius: 8px;||    font-size: 16px;||    transition: all 0.3s ease;||    font-family: var(&#8211;font-main);||}||||.form-group textarea {||    min-height: 150px;||    resize: vertical;||}||||\/* OPTIONNEL &#038; COMPTEUR *\/||.optional {||    color: var(&#8211;grey);||    font-weight: normal;||    font-style: italic;||}||||.char-count {||    text-align: right;||    font-size: 14px;||    color: var(&#8211;grey);||    margin-top: 5px;||}||||\/* CASE \u00c0 COCHER *\/||.checkbox-group {||    flex-direction: row;||    align-items: center;||    gap: 10px;||    font-family: var(&#8211;font-main);||}||||.checkbox-group input {||    width: auto;||    margin: 0;||}||||\/* MENTION CHAMPS REQUIS *\/||.required-fields {||    font-size: 14px;||    color: var(&#8211;grey);||    text-align: center;||    margin: 10px 0;||}||||\/* BOUTON *\/||.submit-btn {||    background-color: var(&#8211;blue);||    color: white;||    border: none;||    padding: 14px;||    font-size: 16px;||    border-radius: 8px;||    cursor: pointer;||    transition: background-color 0.3s;||    font-weight: 600;||    font-family: var(&#8211;font-main);||}||||.submit-btn:hover {||    background-color: #2472a4;||}||||\/* VALIDATION *\/||input:invalid,||textarea:invalid {||    border-color: #e74c3c;||}||||input:focus,||textarea:focus {||    outline: none;||    border-color: var(&#8211;blue);||    box-shadow: 0 0 0 3px rgba(41, 128, 185, 0.2);||}||||\/* RESPONSIVE *\/||@media (max-width: 768px) {||    .custom-contact-form-container {||        padding: 20px;||        border-radius: 10px;||    }||||    .form-group input,||    .form-group textarea {||        padding: 10px 12px;||    }||||    .checkbox-group {||        align-items: flex-start;||    }||||    .checkbox-group label {||        font-size: 14px;||    }||}||\u00a0\u00bb global_colors_info=\u00a0\u00bb{}\u00a0\u00bb]<div class=\"custom-contact-form-container\"><!-- [et_pb_line_break_holder] -->    <form class=\"custom-contact-form\" action=\"https:\/\/formspree.io\/f\/sophieleteuil@orange.fr\" method=\"POST\"><!-- [et_pb_line_break_holder] -->        <div class=\"form-group\"><!-- [et_pb_line_break_holder] -->            <label for=\"prenom\">Pr\u00e9nom *<\/label><!-- [et_pb_line_break_holder] -->            <input type=\"text\" id=\"prenom\" name=\"prenom\" required><!-- [et_pb_line_break_holder] -->        <\/div><!-- [et_pb_line_break_holder] -->        <!-- [et_pb_line_break_holder] -->        <div class=\"form-group\"><!-- [et_pb_line_break_holder] -->            <label for=\"nom\">Nom *<\/label><!-- [et_pb_line_break_holder] -->            <input type=\"text\" id=\"nom\" name=\"nom\" required><!-- [et_pb_line_break_holder] -->        <\/div><!-- [et_pb_line_break_holder] -->        <!-- [et_pb_line_break_holder] -->        <div class=\"form-group\"><!-- [et_pb_line_break_holder] -->            <label for=\"email\">Email *<\/label><!-- [et_pb_line_break_holder] -->            <input type=\"email\" id=\"email\" name=\"email\" required><!-- [et_pb_line_break_holder] -->        <\/div><!-- [et_pb_line_break_holder] -->        <!-- [et_pb_line_break_holder] -->        <div class=\"form-group\"><!-- [et_pb_line_break_holder] -->            <label for=\"telephone\">T\u00e9l\u00e9phone <span class=\"optional\">(Optionnel)<\/span><\/label><!-- [et_pb_line_break_holder] -->            <input type=\"tel\" id=\"telephone\" name=\"telephone\"><!-- [et_pb_line_break_holder] -->        <\/div><!-- [et_pb_line_break_holder] -->        <!-- [et_pb_line_break_holder] -->        <div class=\"form-group\"><!-- [et_pb_line_break_holder] -->            <label for=\"message\">Message *<\/label><!-- [et_pb_line_break_holder] -->            <textarea id=\"message\" name=\"message\" rows=\"5\" maxlength=\"500\" required><\/textarea><!-- [et_pb_line_break_holder] -->            <div class=\"char-count\"><span id=\"counter\">0<\/span>\/500<\/div><!-- [et_pb_line_break_holder] -->        <\/div><!-- [et_pb_line_break_holder] -->        <!-- [et_pb_line_break_holder] -->        <div class=\"form-group checkbox-group\"><!-- [et_pb_line_break_holder] -->            <input type=\"checkbox\" id=\"confidentialite\" name=\"confidentialite\" required><!-- [et_pb_line_break_holder] -->            <label for=\"confidentialite\">J&rsquo;accepte que mes donn\u00e9es soient trait\u00e9es conform\u00e9ment \u00e0 la politique de confidentialit\u00e9 *<\/label><!-- [et_pb_line_break_holder] -->        <\/div><!-- [et_pb_line_break_holder] -->        <!-- [et_pb_line_break_holder] -->        <div class=\"required-fields\">Les champs marqu\u00e9s d&rsquo;un ast\u00e9risque (*) sont obligatoires<\/div><!-- [et_pb_line_break_holder] -->        <!-- [et_pb_line_break_holder] -->        <button type=\"submit\" class=\"submit-btn\">Envoyer le message<\/button><!-- [et_pb_line_break_holder] -->    <\/form><!-- [et_pb_line_break_holder] --><\/div>[\/et_pb_code][\/et_pb_column][\/et_pb_row][\/et_pb_section]\n","protected":false},"excerpt":{"rendered":"<p>Contactez-moiN&rsquo;h\u00e9sitez pas \u00e0 me contacter pour toute question.Je vous r\u00e9pondrai avec plaisir et dans les plus brefs d\u00e9lais.Formulaire de contact<\/p>\n","protected":false},"author":1,"featured_media":0,"parent":0,"menu_order":0,"comment_status":"closed","ping_status":"closed","template":"","meta":{"_et_pb_use_builder":"on","_et_pb_old_content":"","_et_gb_content_width":"","footnotes":""},"class_list":["post-2369","page","type-page","status-publish","hentry"],"_links":{"self":[{"href":"https:\/\/sophieleteuilceramiste.fr\/index.php\/wp-json\/wp\/v2\/pages\/2369","targetHints":{"allow":["GET"]}}],"collection":[{"href":"https:\/\/sophieleteuilceramiste.fr\/index.php\/wp-json\/wp\/v2\/pages"}],"about":[{"href":"https:\/\/sophieleteuilceramiste.fr\/index.php\/wp-json\/wp\/v2\/types\/page"}],"author":[{"embeddable":true,"href":"https:\/\/sophieleteuilceramiste.fr\/index.php\/wp-json\/wp\/v2\/users\/1"}],"replies":[{"embeddable":true,"href":"https:\/\/sophieleteuilceramiste.fr\/index.php\/wp-json\/wp\/v2\/comments?post=2369"}],"version-history":[{"count":4,"href":"https:\/\/sophieleteuilceramiste.fr\/index.php\/wp-json\/wp\/v2\/pages\/2369\/revisions"}],"predecessor-version":[{"id":2418,"href":"https:\/\/sophieleteuilceramiste.fr\/index.php\/wp-json\/wp\/v2\/pages\/2369\/revisions\/2418"}],"wp:attachment":[{"href":"https:\/\/sophieleteuilceramiste.fr\/index.php\/wp-json\/wp\/v2\/media?parent=2369"}],"curies":[{"name":"wp","href":"https:\/\/api.w.org\/{rel}","templated":true}]}}